{"id":17745,"date":"2021-08-16T14:03:39","date_gmt":"2021-08-16T13:03:39","guid":{"rendered":"https:\/\/dev.uzivokamere.com\/mautrampe-trakoscan\/"},"modified":"2021-08-16T14:03:39","modified_gmt":"2021-08-16T13:03:39","slug":"mautrampe-trakoscan","status":"publish","type":"product","link":"https:\/\/uzivokamere.com\/de\/mautrampe-trakoscan\/","title":{"rendered":"Mautrampe &#8211; Trako\u0161\u010dan"},"content":{"rendered":"<div class=\"live-indicator-holder\"><span class=\"indicator\"><div class=\"circle blink\" aria-hidden=\"true\"><\/div>Live<\/span><\/div><iframe id=\"osvezi\" src=\"https:\/\/kamere.lobi-info.rs\/hak\/192.html\" scrolling=\"no\" frameborder=\"0\" style=\"height: 576px; overflow:scroll; width: 100%\"><\/iframe><br \/>\n<script>\nwindow.setInterval(\"reloadIFrame();\", 20000);\nfunction reloadIFrame() {\n var frameHolder=document.getElementById('osvezi');\nframeHolder.src=\"https:\/\/kamere.lobi-info.rs\/hak\/192.html\"\n}\n<\/script><\/p>\n<h2><strong>Mautstelle &#8211; Trako\u0161\u010dan Autobahn A2 (E59), Stra\u00dfe nach Macelj<\/strong><\/h2>\n<p><em>Die Kamera wird alle 10-15 Sekunden aktualisiert. Wenn sie nicht sofort geladen werden, aktualisieren Sie die Seite. <\/em><\/p>\n","protected":false},"excerpt":{"rendered":"<p>Mautstelle &#8211; Trako\u0161\u010dan Autobahn A2 (E59), Stra\u00dfe nach Macelj Die Kamera wird alle 10-15 Sekunden aktualisiert. Wenn sie nicht sofort<\/p>\n","protected":false},"featured_media":12589,"comment_status":"closed","ping_status":"closed","template":"","meta":[],"product_brand":[],"product_cat":[374],"product_tag":[],"class_list":{"0":"post-17745","1":"product","2":"type-product","3":"status-publish","4":"has-post-thumbnail","6":"product_cat-mautstellen","8":"first","9":"instock","10":"shipping-taxable","11":"product-type-simple"},"_links":{"self":[{"href":"https:\/\/uzivokamere.com\/de\/wp-json\/wp\/v2\/product\/17745","targetHints":{"allow":["GET"]}}],"collection":[{"href":"https:\/\/uzivokamere.com\/de\/wp-json\/wp\/v2\/product"}],"about":[{"href":"https:\/\/uzivokamere.com\/de\/wp-json\/wp\/v2\/types\/product"}],"replies":[{"embeddable":true,"href":"https:\/\/uzivokamere.com\/de\/wp-json\/wp\/v2\/comments?post=17745"}],"wp:featuredmedia":[{"embeddable":true,"href":"https:\/\/uzivokamere.com\/de\/wp-json\/wp\/v2\/media\/12589"}],"wp:attachment":[{"href":"https:\/\/uzivokamere.com\/de\/wp-json\/wp\/v2\/media?parent=17745"}],"wp:term":[{"taxonomy":"product_brand","embeddable":true,"href":"https:\/\/uzivokamere.com\/de\/wp-json\/wp\/v2\/product_brand?post=17745"},{"taxonomy":"product_cat","embeddable":true,"href":"https:\/\/uzivokamere.com\/de\/wp-json\/wp\/v2\/product_cat?post=17745"},{"taxonomy":"product_tag","embeddable":true,"href":"https:\/\/uzivokamere.com\/de\/wp-json\/wp\/v2\/product_tag?post=17745"}],"curies":[{"name":"wp","href":"https:\/\/api.w.org\/{rel}","templated":true}]}}