{"id":19457,"date":"2022-06-09T11:49:00","date_gmt":"2022-06-09T10:49:00","guid":{"rendered":"https:\/\/uzivokamere.com\/poste-frontiere-de-vrska-cuka-serbie-bulgarie\/"},"modified":"2022-06-09T11:49:00","modified_gmt":"2022-06-09T10:49:00","slug":"poste-frontiere-de-vrska-cuka-serbie-bulgarie","status":"publish","type":"product","link":"https:\/\/uzivokamere.com\/fr\/poste-frontiere-de-vrska-cuka-serbie-bulgarie\/","title":{"rendered":"Poste-fronti\u00e8re de Vr\u0161ka \u010cuka \/ Serbie &#8211; Bulgarie"},"content":{"rendered":"<div class=\"live-indicator-holder\"><span class=\"indicator\"><div class=\"circle blink\" aria-hidden=\"true\"><\/div>Live<\/span><\/div><iframe src=\"https:\/\/live.uzivokamere.com\/vrskacuka1\/\" class=\"res-iframe\" title=\"Passage de la fronti\u00e8re de Vr\u0161ka \u010cuka, entr\u00e9e en Serbie\"><\/iframe><\/p>\n","protected":false},"excerpt":{"rendered":"Live","protected":false},"featured_media":19458,"comment_status":"closed","ping_status":"closed","template":"","meta":[],"product_brand":[],"product_cat":[528],"product_tag":[577,546],"class_list":{"0":"post-19457","1":"product","2":"type-product","3":"status-publish","4":"has-post-thumbnail","6":"product_cat-frontaliers","7":"product_tag-bulgarie","8":"product_tag-serbie","10":"first","11":"instock","12":"shipping-taxable","13":"purchasable","14":"product-type-simple"},"_links":{"self":[{"href":"https:\/\/uzivokamere.com\/fr\/wp-json\/wp\/v2\/product\/19457","targetHints":{"allow":["GET"]}}],"collection":[{"href":"https:\/\/uzivokamere.com\/fr\/wp-json\/wp\/v2\/product"}],"about":[{"href":"https:\/\/uzivokamere.com\/fr\/wp-json\/wp\/v2\/types\/product"}],"replies":[{"embeddable":true,"href":"https:\/\/uzivokamere.com\/fr\/wp-json\/wp\/v2\/comments?post=19457"}],"wp:featuredmedia":[{"embeddable":true,"href":"https:\/\/uzivokamere.com\/fr\/wp-json\/wp\/v2\/media\/19458"}],"wp:attachment":[{"href":"https:\/\/uzivokamere.com\/fr\/wp-json\/wp\/v2\/media?parent=19457"}],"wp:term":[{"taxonomy":"product_brand","embeddable":true,"href":"https:\/\/uzivokamere.com\/fr\/wp-json\/wp\/v2\/product_brand?post=19457"},{"taxonomy":"product_cat","embeddable":true,"href":"https:\/\/uzivokamere.com\/fr\/wp-json\/wp\/v2\/product_cat?post=19457"},{"taxonomy":"product_tag","embeddable":true,"href":"https:\/\/uzivokamere.com\/fr\/wp-json\/wp\/v2\/product_tag?post=19457"}],"curies":[{"name":"wp","href":"https:\/\/api.w.org\/{rel}","templated":true}]}}