{"id":19588,"date":"2024-11-19T14:22:00","date_gmt":"2024-11-19T13:22:00","guid":{"rendered":"https:\/\/uzivokamere.com\/passage-de-la-frontiere-a-lentree-de-bajakovo-croatie-serbie\/"},"modified":"2024-11-19T14:22:00","modified_gmt":"2024-11-19T13:22:00","slug":"passage-de-la-frontiere-a-lentree-de-bajakovo-croatie-serbie","status":"publish","type":"product","link":"https:\/\/uzivokamere.com\/fr\/passage-de-la-frontiere-a-lentree-de-bajakovo-croatie-serbie\/","title":{"rendered":"Passage de la fronti\u00e8re \u00e0 l\u2019entr\u00e9e de Bajakovo \/ Croatie \u2013 Serbie"},"content":{"rendered":"<div class=\"live-indicator-holder\"><span class=\"indicator\"><div class=\"circle blink\" aria-hidden=\"true\"><\/div>Live<\/span><\/div><iframe id=\"osvezi\" src=\"https:\/\/kamere.lobi-info.rs\/hak\/2.html\" scrolling=\"no\" frameborder=\"0\" style=\"height: 576px; overflow:scroll; width: 100%\"><\/iframe><br \/>\n<script>\nwindow.setInterval(\"reloadIFrame();\", 20000);\nfunction reloadIFrame() {\n var frameHolder=document.getElementById('osvezi');\nframeHolder.src=\"https:\/\/kamere.lobi-info.rs\/hak\/2.html\"\n}\n<\/script><\/p>\n<h2>Poste-fronti\u00e8re de Bajakovo<\/h2>\n<p><em>La cam\u00e9ra se rafra\u00eechit toutes les 10 \u00e0 15 secondes. S\u2019ils ne se chargent pas imm\u00e9diatement, actualisez la page. <\/em><\/p>\n","protected":false},"excerpt":{"rendered":"<p>Poste-fronti\u00e8re de Bajakovo La cam\u00e9ra se rafra\u00eechit toutes les 10 \u00e0 15 secondes. S\u2019ils ne se chargent pas imm\u00e9diatement, actualisez<\/p>\n","protected":false},"featured_media":19590,"comment_status":"open","ping_status":"closed","template":"","meta":[],"product_brand":[],"product_cat":[528],"product_tag":[530,546],"class_list":{"0":"post-19588","1":"product","2":"type-product","3":"status-publish","4":"has-post-thumbnail","6":"product_cat-frontaliers","7":"product_tag-croatie-hrvatska","8":"product_tag-serbie","10":"first","11":"instock","12":"shipping-taxable","13":"purchasable","14":"product-type-simple"},"_links":{"self":[{"href":"https:\/\/uzivokamere.com\/fr\/wp-json\/wp\/v2\/product\/19588","targetHints":{"allow":["GET"]}}],"collection":[{"href":"https:\/\/uzivokamere.com\/fr\/wp-json\/wp\/v2\/product"}],"about":[{"href":"https:\/\/uzivokamere.com\/fr\/wp-json\/wp\/v2\/types\/product"}],"replies":[{"embeddable":true,"href":"https:\/\/uzivokamere.com\/fr\/wp-json\/wp\/v2\/comments?post=19588"}],"wp:featuredmedia":[{"embeddable":true,"href":"https:\/\/uzivokamere.com\/fr\/wp-json\/wp\/v2\/media\/19590"}],"wp:attachment":[{"href":"https:\/\/uzivokamere.com\/fr\/wp-json\/wp\/v2\/media?parent=19588"}],"wp:term":[{"taxonomy":"product_brand","embeddable":true,"href":"https:\/\/uzivokamere.com\/fr\/wp-json\/wp\/v2\/product_brand?post=19588"},{"taxonomy":"product_cat","embeddable":true,"href":"https:\/\/uzivokamere.com\/fr\/wp-json\/wp\/v2\/product_cat?post=19588"},{"taxonomy":"product_tag","embeddable":true,"href":"https:\/\/uzivokamere.com\/fr\/wp-json\/wp\/v2\/product_tag?post=19588"}],"curies":[{"name":"wp","href":"https:\/\/api.w.org\/{rel}","templated":true}]}}