{"id":19659,"date":"2024-12-04T10:45:00","date_gmt":"2024-12-04T09:45:00","guid":{"rendered":"https:\/\/uzivokamere.com\/passage-de-la-frontiere-rupa-kamera-croatie-slovenie-2\/"},"modified":"2024-12-04T10:45:00","modified_gmt":"2024-12-04T09:45:00","slug":"passage-de-la-frontiere-rupa-kamera-croatie-slovenie-2","status":"publish","type":"product","link":"https:\/\/uzivokamere.com\/fr\/passage-de-la-frontiere-rupa-kamera-croatie-slovenie-2\/","title":{"rendered":"Passage de la fronti\u00e8re Rupa kamera \/ Croatie &#8211; Slov\u00e9nie"},"content":{"rendered":"<div class=\"live-indicator-holder\"><span class=\"indicator\"><div class=\"circle blink\" aria-hidden=\"true\"><\/div>Live<\/span><\/div><iframe id=\"osvezi\" src=\"https:\/\/kamere.lobi-info.rs\/hak\/52.html\" scrolling=\"no\" frameborder=\"0\" style=\"height: 576px; overflow:scroll; width: 100%\"><\/iframe><br \/>\n<script>\nwindow.setInterval(\"reloadIFrame();\", 20000);\nfunction reloadIFrame() {\n var frameHolder=document.getElementById('osvezi');\nframeHolder.src=\"https:\/\/kamere.lobi-info.rs\/hak\/52.html\"\n}\n<\/script><br \/>\n<em>La cam\u00e9ra se rafra\u00eechit toutes les 10 \u00e0 15 secondes. S\u2019ils ne se chargent pas imm\u00e9diatement, actualisez la page. <\/em><\/p>\n","protected":false},"excerpt":{"rendered":"<p>La cam\u00e9ra se rafra\u00eechit toutes les 10 \u00e0 15 secondes. S\u2019ils ne se chargent pas imm\u00e9diatement, actualisez la page.<\/p>\n","protected":false},"featured_media":19389,"comment_status":"closed","ping_status":"closed","template":"","meta":[],"product_brand":[],"product_cat":[528],"product_tag":[530,565],"class_list":{"0":"post-19659","1":"product","2":"type-product","3":"status-publish","4":"has-post-thumbnail","6":"product_cat-frontaliers","7":"product_tag-croatie-hrvatska","8":"product_tag-slovenie","10":"first","11":"instock","12":"shipping-taxable","13":"purchasable","14":"product-type-simple"},"_links":{"self":[{"href":"https:\/\/uzivokamere.com\/fr\/wp-json\/wp\/v2\/product\/19659","targetHints":{"allow":["GET"]}}],"collection":[{"href":"https:\/\/uzivokamere.com\/fr\/wp-json\/wp\/v2\/product"}],"about":[{"href":"https:\/\/uzivokamere.com\/fr\/wp-json\/wp\/v2\/types\/product"}],"replies":[{"embeddable":true,"href":"https:\/\/uzivokamere.com\/fr\/wp-json\/wp\/v2\/comments?post=19659"}],"wp:featuredmedia":[{"embeddable":true,"href":"https:\/\/uzivokamere.com\/fr\/wp-json\/wp\/v2\/media\/19389"}],"wp:attachment":[{"href":"https:\/\/uzivokamere.com\/fr\/wp-json\/wp\/v2\/media?parent=19659"}],"wp:term":[{"taxonomy":"product_brand","embeddable":true,"href":"https:\/\/uzivokamere.com\/fr\/wp-json\/wp\/v2\/product_brand?post=19659"},{"taxonomy":"product_cat","embeddable":true,"href":"https:\/\/uzivokamere.com\/fr\/wp-json\/wp\/v2\/product_cat?post=19659"},{"taxonomy":"product_tag","embeddable":true,"href":"https:\/\/uzivokamere.com\/fr\/wp-json\/wp\/v2\/product_tag?post=19659"}],"curies":[{"name":"wp","href":"https:\/\/api.w.org\/{rel}","templated":true}]}}