{"id":19676,"date":"2024-12-04T12:15:00","date_gmt":"2024-12-04T11:15:00","guid":{"rendered":"https:\/\/uzivokamere.com\/passage-de-la-frontiere-sezana-slovenie-italie\/"},"modified":"2024-12-04T12:15:00","modified_gmt":"2024-12-04T11:15:00","slug":"passage-de-la-frontiere-sezana-slovenie-italie","status":"publish","type":"product","link":"https:\/\/uzivokamere.com\/fr\/passage-de-la-frontiere-sezana-slovenie-italie\/","title":{"rendered":"Passage de la fronti\u00e8re Se\u017eana \/ Slov\u00e9nie &#8211; Italie"},"content":{"rendered":"<div class=\"live-indicator-holder\"><span class=\"indicator\"><div class=\"circle blink\" aria-hidden=\"true\"><\/div>Live<\/span><\/div><img decoding=\"async\" id=\"myImage\" src=\"https:\/\/kamere.dars.si\/kamere\/Dane\/CP%20Dane%20Panorama%20izstop.jpg\" width=\"768 height=\"><br \/>\n<script type=\"text\/javascript\">\nsetInterval(function() {\n    var myImageElement = document.getElementById('myImage');\n    myImageElement.src = 'https:\/\/kamere.dars.si\/kamere\/Dane\/CP%20Dane%20Panorama%20izstop.jpg?rand=' + Math.random();\n}, 5000);\n<\/script><br \/>\n<em>Remarque : les images des cam\u00e9ras sont mises \u00e0 jour toutes les 60 secondes. En raison de la charge, il est possible que certaines cam\u00e9ras ne fonctionnent pas imm\u00e9diatement, mais vous pouvez toujours actualiser la page. <\/em><\/p>\n","protected":false},"excerpt":{"rendered":"<p>Remarque : les images des cam\u00e9ras sont mises \u00e0 jour toutes les 60 secondes. En raison de la charge, il<\/p>\n","protected":false},"featured_media":19416,"comment_status":"closed","ping_status":"closed","template":"","meta":[],"product_brand":[],"product_cat":[528],"product_tag":[581,565],"class_list":{"0":"post-19676","1":"product","2":"type-product","3":"status-publish","4":"has-post-thumbnail","6":"product_cat-frontaliers","7":"product_tag-italie","8":"product_tag-slovenie","10":"first","11":"instock","12":"shipping-taxable","13":"purchasable","14":"product-type-simple"},"_links":{"self":[{"href":"https:\/\/uzivokamere.com\/fr\/wp-json\/wp\/v2\/product\/19676","targetHints":{"allow":["GET"]}}],"collection":[{"href":"https:\/\/uzivokamere.com\/fr\/wp-json\/wp\/v2\/product"}],"about":[{"href":"https:\/\/uzivokamere.com\/fr\/wp-json\/wp\/v2\/types\/product"}],"replies":[{"embeddable":true,"href":"https:\/\/uzivokamere.com\/fr\/wp-json\/wp\/v2\/comments?post=19676"}],"wp:featuredmedia":[{"embeddable":true,"href":"https:\/\/uzivokamere.com\/fr\/wp-json\/wp\/v2\/media\/19416"}],"wp:attachment":[{"href":"https:\/\/uzivokamere.com\/fr\/wp-json\/wp\/v2\/media?parent=19676"}],"wp:term":[{"taxonomy":"product_brand","embeddable":true,"href":"https:\/\/uzivokamere.com\/fr\/wp-json\/wp\/v2\/product_brand?post=19676"},{"taxonomy":"product_cat","embeddable":true,"href":"https:\/\/uzivokamere.com\/fr\/wp-json\/wp\/v2\/product_cat?post=19676"},{"taxonomy":"product_tag","embeddable":true,"href":"https:\/\/uzivokamere.com\/fr\/wp-json\/wp\/v2\/product_tag?post=19676"}],"curies":[{"name":"wp","href":"https:\/\/api.w.org\/{rel}","templated":true}]}}