{"id":19809,"date":"2025-05-26T11:20:00","date_gmt":"2025-05-26T10:20:00","guid":{"rendered":"https:\/\/uzivokamere.com\/station-de-ski-stara-planina-konjarnik-serbie\/"},"modified":"2025-05-26T11:20:00","modified_gmt":"2025-05-26T10:20:00","slug":"station-de-ski-stara-planina-konjarnik-serbie","status":"publish","type":"product","link":"https:\/\/uzivokamere.com\/fr\/station-de-ski-stara-planina-konjarnik-serbie\/","title":{"rendered":"Station de ski Stara Planina &#8211; Konjarnik &#8211; Serbie"},"content":{"rendered":"<div class=\"live-indicator-holder\"><span class=\"indicator\"><div class=\"circle blink\" aria-hidden=\"true\"><\/div>Live<\/span><\/div><img decoding=\"async\" loading=\"lazy\" id=\"myImage6\" src=\"https:\/\/www.skijalistasrbije.rs\/1kop.php?pic=SPKonjarnikPolaz\" width=\"768 height=\"><br \/>\n<script type=\"text\/javascript\">\nsetInterval(function() {\n    var myImageElement = document.getElementById('myImage6');\n    myImageElement.src = 'https:\/\/www.skijalistasrbije.rs\/1kop.php?pic=SPKonjarnikPolaz';\n}, 10000);\n<\/script><\/p>\n<h2>Appareils photo de la Vieille Montagne<\/h2>\n<p><em>La cam\u00e9ra se rafra\u00eechit toutes les 10 \u00e0 15 secondes. S\u2019ils ne se chargent pas imm\u00e9diatement, actualisez la page. <\/em><\/p>\n","protected":false},"excerpt":{"rendered":"<p>Appareils photo de la Vieille Montagne La cam\u00e9ra se rafra\u00eechit toutes les 10 \u00e0 15 secondes. S\u2019ils ne se chargent<\/p>\n","protected":false},"featured_media":19783,"comment_status":"open","ping_status":"closed","template":"","meta":[],"product_brand":[],"product_cat":[556],"product_tag":[546],"class_list":{"0":"post-19809","1":"product","2":"type-product","3":"status-publish","4":"has-post-thumbnail","6":"product_cat-stations-de-ski","7":"product_tag-serbie","9":"first","10":"instock","11":"shipping-taxable","12":"product-type-simple"},"_links":{"self":[{"href":"https:\/\/uzivokamere.com\/fr\/wp-json\/wp\/v2\/product\/19809","targetHints":{"allow":["GET"]}}],"collection":[{"href":"https:\/\/uzivokamere.com\/fr\/wp-json\/wp\/v2\/product"}],"about":[{"href":"https:\/\/uzivokamere.com\/fr\/wp-json\/wp\/v2\/types\/product"}],"replies":[{"embeddable":true,"href":"https:\/\/uzivokamere.com\/fr\/wp-json\/wp\/v2\/comments?post=19809"}],"wp:featuredmedia":[{"embeddable":true,"href":"https:\/\/uzivokamere.com\/fr\/wp-json\/wp\/v2\/media\/19783"}],"wp:attachment":[{"href":"https:\/\/uzivokamere.com\/fr\/wp-json\/wp\/v2\/media?parent=19809"}],"wp:term":[{"taxonomy":"product_brand","embeddable":true,"href":"https:\/\/uzivokamere.com\/fr\/wp-json\/wp\/v2\/product_brand?post=19809"},{"taxonomy":"product_cat","embeddable":true,"href":"https:\/\/uzivokamere.com\/fr\/wp-json\/wp\/v2\/product_cat?post=19809"},{"taxonomy":"product_tag","embeddable":true,"href":"https:\/\/uzivokamere.com\/fr\/wp-json\/wp\/v2\/product_tag?post=19809"}],"curies":[{"name":"wp","href":"https:\/\/api.w.org\/{rel}","templated":true}]}}