{"id":20067,"date":"2025-05-27T21:23:00","date_gmt":"2025-05-27T20:23:00","guid":{"rendered":"https:\/\/uzivokamere.com\/ferry-de-gazenica-zadar-vers-la-croatie-2\/"},"modified":"2025-05-27T21:23:00","modified_gmt":"2025-05-27T20:23:00","slug":"ferry-de-gazenica-zadar-vers-la-croatie-2","status":"publish","type":"product","link":"https:\/\/uzivokamere.com\/fr\/ferry-de-gazenica-zadar-vers-la-croatie-2\/","title":{"rendered":"Ferry de Ga\u017eenica (Zadar) vers la Croatie"},"content":{"rendered":"<div class=\"live-indicator-holder\"><span class=\"indicator\"><div class=\"circle blink\" aria-hidden=\"true\"><\/div>Live<\/span><\/div><iframe id=\"osvezi\" src=\"https:\/\/kamere.lobi-info.rs\/hak\/240.html\" scrolling=\"no\" frameborder=\"0\" style=\"height: 576px; overflow:scroll; width: 100%\"><\/iframe><br \/>\n<script>\nwindow.setInterval(\"reloadIFrame();\", 20000);\nfunction reloadIFrame() {\n var frameHolder=document.getElementById('osvezi');\nframeHolder.src=\"https:\/\/kamere.lobi-info.rs\/hak\/240.html\"\n}\n<\/script><br \/>\n<em>La cam\u00e9ra se rafra\u00eechit toutes les 10 \u00e0 15 secondes. S\u2019ils ne se chargent pas imm\u00e9diatement, actualisez la page. <\/em><\/p>\n","protected":false},"excerpt":{"rendered":"<p>La cam\u00e9ra se rafra\u00eechit toutes les 10 \u00e0 15 secondes. S\u2019ils ne se chargent pas imm\u00e9diatement, actualisez la page.<\/p>\n","protected":false},"featured_media":20062,"comment_status":"open","ping_status":"closed","template":"","meta":[],"product_brand":[],"product_cat":[612],"product_tag":[530],"class_list":{"0":"post-20067","1":"product","2":"type-product","3":"status-publish","4":"has-post-thumbnail","6":"product_cat-ferries-fr","7":"product_tag-croatie-hrvatska","9":"first","10":"instock","11":"shipping-taxable","12":"product-type-simple"},"_links":{"self":[{"href":"https:\/\/uzivokamere.com\/fr\/wp-json\/wp\/v2\/product\/20067","targetHints":{"allow":["GET"]}}],"collection":[{"href":"https:\/\/uzivokamere.com\/fr\/wp-json\/wp\/v2\/product"}],"about":[{"href":"https:\/\/uzivokamere.com\/fr\/wp-json\/wp\/v2\/types\/product"}],"replies":[{"embeddable":true,"href":"https:\/\/uzivokamere.com\/fr\/wp-json\/wp\/v2\/comments?post=20067"}],"wp:featuredmedia":[{"embeddable":true,"href":"https:\/\/uzivokamere.com\/fr\/wp-json\/wp\/v2\/media\/20062"}],"wp:attachment":[{"href":"https:\/\/uzivokamere.com\/fr\/wp-json\/wp\/v2\/media?parent=20067"}],"wp:term":[{"taxonomy":"product_brand","embeddable":true,"href":"https:\/\/uzivokamere.com\/fr\/wp-json\/wp\/v2\/product_brand?post=20067"},{"taxonomy":"product_cat","embeddable":true,"href":"https:\/\/uzivokamere.com\/fr\/wp-json\/wp\/v2\/product_cat?post=20067"},{"taxonomy":"product_tag","embeddable":true,"href":"https:\/\/uzivokamere.com\/fr\/wp-json\/wp\/v2\/product_tag?post=20067"}],"curies":[{"name":"wp","href":"https:\/\/api.w.org\/{rel}","templated":true}]}}