{"id":20274,"date":"2025-05-29T10:25:00","date_gmt":"2025-05-29T09:25:00","guid":{"rendered":"https:\/\/uzivokamere.com\/poste-frontiere-de-hamzabeyli-peronlari-turquie-bulgarie\/"},"modified":"2025-05-29T10:25:00","modified_gmt":"2025-05-29T09:25:00","slug":"poste-frontiere-de-hamzabeyli-peronlari-turquie-bulgarie","status":"publish","type":"product","link":"https:\/\/uzivokamere.com\/fr\/poste-frontiere-de-hamzabeyli-peronlari-turquie-bulgarie\/","title":{"rendered":"Poste-fronti\u00e8re de Hamzabeyli (Peronlar\u0131) \/ Turquie \u2013 Bulgarie"},"content":{"rendered":"<div class=\"live-indicator-holder\"><span class=\"indicator\"><div class=\"circle blink\" aria-hidden=\"true\"><\/div>Live<\/span><\/div><iframe id=\"osvezi\" src=\"https:\/\/kamere.lobi-info.rs\/live\/hamzabeyli2.html\" scrolling=\"no\" frameborder=\"0\" style=\"height: 576px; overflow:scroll; width: 100%\"><\/iframe><br \/>\n<script>\nwindow.setInterval(\"reloadIFrame();\", 20000);\nfunction reloadIFrame() {\n var frameHolder=document.getElementById('osvezi');\nframeHolder.src=\"https:\/\/kamere.lobi-info.rs\/live\/hamzabeyli2.html\"\n}\n<\/script><br \/>\n<em>Remarque : les images des cam\u00e9ras sont mises \u00e0 jour toutes les 10 minutes. En raison de la charge, il est possible que certaines cam\u00e9ras ne fonctionnent pas imm\u00e9diatement, mais vous pouvez toujours actualiser la page. <\/em><\/p>\n<h2>Hamzabeyli Lesovo Cam\u00e9ras<\/h2>\n","protected":false},"excerpt":{"rendered":"<p>Remarque : les images des cam\u00e9ras sont mises \u00e0 jour toutes les 10 minutes. En raison de la charge, il<\/p>\n","protected":false},"featured_media":20267,"comment_status":"open","ping_status":"closed","template":"","meta":[],"product_brand":[],"product_cat":[528],"product_tag":[577,619],"class_list":{"0":"post-20274","1":"product","2":"type-product","3":"status-publish","4":"has-post-thumbnail","6":"product_cat-frontaliers","7":"product_tag-bulgarie","8":"product_tag-turkiye","10":"first","11":"instock","12":"shipping-taxable","13":"purchasable","14":"product-type-simple"},"_links":{"self":[{"href":"https:\/\/uzivokamere.com\/fr\/wp-json\/wp\/v2\/product\/20274","targetHints":{"allow":["GET"]}}],"collection":[{"href":"https:\/\/uzivokamere.com\/fr\/wp-json\/wp\/v2\/product"}],"about":[{"href":"https:\/\/uzivokamere.com\/fr\/wp-json\/wp\/v2\/types\/product"}],"replies":[{"embeddable":true,"href":"https:\/\/uzivokamere.com\/fr\/wp-json\/wp\/v2\/comments?post=20274"}],"wp:featuredmedia":[{"embeddable":true,"href":"https:\/\/uzivokamere.com\/fr\/wp-json\/wp\/v2\/media\/20267"}],"wp:attachment":[{"href":"https:\/\/uzivokamere.com\/fr\/wp-json\/wp\/v2\/media?parent=20274"}],"wp:term":[{"taxonomy":"product_brand","embeddable":true,"href":"https:\/\/uzivokamere.com\/fr\/wp-json\/wp\/v2\/product_brand?post=20274"},{"taxonomy":"product_cat","embeddable":true,"href":"https:\/\/uzivokamere.com\/fr\/wp-json\/wp\/v2\/product_cat?post=20274"},{"taxonomy":"product_tag","embeddable":true,"href":"https:\/\/uzivokamere.com\/fr\/wp-json\/wp\/v2\/product_tag?post=20274"}],"curies":[{"name":"wp","href":"https:\/\/api.w.org\/{rel}","templated":true}]}}