{"id":20282,"date":"2025-05-29T10:34:00","date_gmt":"2025-05-29T09:34:00","guid":{"rendered":"https:\/\/uzivokamere.com\/passage-de-la-frontiere-pazarkule-turquie-grece-2\/"},"modified":"2025-05-29T10:34:00","modified_gmt":"2025-05-29T09:34:00","slug":"passage-de-la-frontiere-pazarkule-turquie-grece-2","status":"publish","type":"product","link":"https:\/\/uzivokamere.com\/fr\/passage-de-la-frontiere-pazarkule-turquie-grece-2\/","title":{"rendered":"Passage de la fronti\u00e8re Pazarkule \/ Turquie \u2013 Gr\u00e8ce"},"content":{"rendered":"<div class=\"live-indicator-holder\"><span class=\"indicator\"><div class=\"circle blink\" aria-hidden=\"true\"><\/div>Live<\/span><\/div><iframe id=\"osvezi\" src=\"https:\/\/kamere.lobi-info.rs\/live\/pazarkule2.html\" scrolling=\"no\" frameborder=\"0\" style=\"height: 576px; overflow:scroll; width: 100%\"><\/iframe><br \/>\n<script>\nwindow.setInterval(\"reloadIFrame();\", 20000);\nfunction reloadIFrame() {\n var frameHolder=document.getElementById('osvezi');\nframeHolder.src=\"https:\/\/kamere.lobi-info.rs\/live\/pazarkule2.html\"\n}\n<\/script><br \/>\n<em>Remarque : les images des cam\u00e9ras sont mises \u00e0 jour toutes les 10 minutes. En raison de la charge, il est possible que certaines cam\u00e9ras ne fonctionnent pas imm\u00e9diatement, mais vous pouvez toujours actualiser la page. <\/em><\/p>\n<h2>Pazarkule Kastanies Cam\u00e9ras<\/h2>\n","protected":false},"excerpt":{"rendered":"<p>Remarque : les images des cam\u00e9ras sont mises \u00e0 jour toutes les 10 minutes. En raison de la charge, il<\/p>\n","protected":false},"featured_media":20163,"comment_status":"open","ping_status":"closed","template":"","meta":[],"product_brand":[],"product_cat":[528],"product_tag":[532,619],"class_list":{"0":"post-20282","1":"product","2":"type-product","3":"status-publish","4":"has-post-thumbnail","6":"product_cat-frontaliers","7":"product_tag-grece","8":"product_tag-turkiye","10":"first","11":"instock","12":"shipping-taxable","13":"purchasable","14":"product-type-simple"},"_links":{"self":[{"href":"https:\/\/uzivokamere.com\/fr\/wp-json\/wp\/v2\/product\/20282","targetHints":{"allow":["GET"]}}],"collection":[{"href":"https:\/\/uzivokamere.com\/fr\/wp-json\/wp\/v2\/product"}],"about":[{"href":"https:\/\/uzivokamere.com\/fr\/wp-json\/wp\/v2\/types\/product"}],"replies":[{"embeddable":true,"href":"https:\/\/uzivokamere.com\/fr\/wp-json\/wp\/v2\/comments?post=20282"}],"wp:featuredmedia":[{"embeddable":true,"href":"https:\/\/uzivokamere.com\/fr\/wp-json\/wp\/v2\/media\/20163"}],"wp:attachment":[{"href":"https:\/\/uzivokamere.com\/fr\/wp-json\/wp\/v2\/media?parent=20282"}],"wp:term":[{"taxonomy":"product_brand","embeddable":true,"href":"https:\/\/uzivokamere.com\/fr\/wp-json\/wp\/v2\/product_brand?post=20282"},{"taxonomy":"product_cat","embeddable":true,"href":"https:\/\/uzivokamere.com\/fr\/wp-json\/wp\/v2\/product_cat?post=20282"},{"taxonomy":"product_tag","embeddable":true,"href":"https:\/\/uzivokamere.com\/fr\/wp-json\/wp\/v2\/product_tag?post=20282"}],"curies":[{"name":"wp","href":"https:\/\/api.w.org\/{rel}","templated":true}]}}