{"id":20482,"date":"2025-06-03T14:08:00","date_gmt":"2025-06-03T13:08:00","guid":{"rendered":"https:\/\/uzivokamere.com\/station-de-ski-jahorina-koliba-mladost-bosnie-herzegovine\/"},"modified":"2026-01-18T19:27:30","modified_gmt":"2026-01-18T18:27:30","slug":"station-de-ski-jahorina-koliba-mladost-bosnie-herzegovine","status":"publish","type":"product","link":"https:\/\/uzivokamere.com\/fr\/station-de-ski-jahorina-koliba-mladost-bosnie-herzegovine\/","title":{"rendered":"Complexe de ski Jahorina &#8211; Koliba Mladost &#8211; Bosnie-Herz\u00e9govine"},"content":{"rendered":"<div class=\"live-indicator-holder\"><span class=\"indicator\"><div class=\"circle blink\" aria-hidden=\"true\"><\/div>Live<\/span><\/div><iframe id=\"osvezi\" style=\"height: 576px; overflow: scroll; width: 100%;\" src=\"https:\/\/kamere.lobi-info.rs\/live\/jah2.html\" frameborder=\"0\" scrolling=\"no\"><\/iframe><br \/>\n<script>\nwindow.setInterval(\"reloadIFrame();\", 20000);\nfunction reloadIFrame() {\n var frameHolder=document.getElementById('osvezi');\nframeHolder.src=\"https:\/\/kamere.lobi-info.rs\/live\/jah2.html\"\n}\n<\/script><br \/>\n<em>L\u2019appareil se rafra\u00eechit pendant 10 \u00e0 15 secondes. S\u2019ils ne se chargent pas imm\u00e9diatement, rafra\u00eechissez la page. <\/em><\/p>\n<h2>Cam\u00e9ras de Jahorina<\/h2>\n","protected":false},"excerpt":{"rendered":"<p>L\u2019appareil se rafra\u00eechit pendant 10 \u00e0 15 secondes. S\u2019ils ne se chargent pas imm\u00e9diatement, rafra\u00eechissez la page. Cam\u00e9ras de Jahorina<\/p>\n","protected":false},"featured_media":20483,"comment_status":"open","ping_status":"closed","template":"","meta":[],"product_brand":[],"product_cat":[556],"product_tag":[529],"class_list":{"0":"post-20482","1":"product","2":"type-product","3":"status-publish","4":"has-post-thumbnail","6":"product_cat-stations-de-ski","7":"product_tag-bosnie-herzegovine","9":"first","10":"instock","11":"shipping-taxable","12":"product-type-simple"},"_links":{"self":[{"href":"https:\/\/uzivokamere.com\/fr\/wp-json\/wp\/v2\/product\/20482","targetHints":{"allow":["GET"]}}],"collection":[{"href":"https:\/\/uzivokamere.com\/fr\/wp-json\/wp\/v2\/product"}],"about":[{"href":"https:\/\/uzivokamere.com\/fr\/wp-json\/wp\/v2\/types\/product"}],"replies":[{"embeddable":true,"href":"https:\/\/uzivokamere.com\/fr\/wp-json\/wp\/v2\/comments?post=20482"}],"wp:featuredmedia":[{"embeddable":true,"href":"https:\/\/uzivokamere.com\/fr\/wp-json\/wp\/v2\/media\/20483"}],"wp:attachment":[{"href":"https:\/\/uzivokamere.com\/fr\/wp-json\/wp\/v2\/media?parent=20482"}],"wp:term":[{"taxonomy":"product_brand","embeddable":true,"href":"https:\/\/uzivokamere.com\/fr\/wp-json\/wp\/v2\/product_brand?post=20482"},{"taxonomy":"product_cat","embeddable":true,"href":"https:\/\/uzivokamere.com\/fr\/wp-json\/wp\/v2\/product_cat?post=20482"},{"taxonomy":"product_tag","embeddable":true,"href":"https:\/\/uzivokamere.com\/fr\/wp-json\/wp\/v2\/product_tag?post=20482"}],"curies":[{"name":"wp","href":"https:\/\/api.w.org\/{rel}","templated":true}]}}