{"id":19184,"date":"2025-06-08T12:01:18","date_gmt":"2025-06-08T11:01:18","guid":{"rendered":"https:\/\/uzivokamere.com\/utdijfizeto-fulke-karamatici-3\/"},"modified":"2026-03-27T13:02:21","modified_gmt":"2026-03-27T12:02:21","slug":"utdijfizeto-fulke-karamatici-3","status":"publish","type":"product","link":"https:\/\/uzivokamere.com\/hu\/utdijfizeto-fulke-karamatici-3\/","title":{"rendered":"Fizet\u0151f\u00fclke &#8211; Karamati\u0107i"},"content":{"rendered":"<div class=\"live-indicator-holder\"><span class=\"indicator\"><div class=\"circle blink\" aria-hidden=\"true\"><\/div>Live<\/span><\/div><iframe id=\"osvezi\" src=\"https:\/\/kamere.lobi-info.rs\/hak\/228.html\" scrolling=\"no\" frameborder=\"0\" style=\"height: 576px; overflow:scroll; width: 100%\"><\/iframe><br \/>\n<script>\nwindow.setInterval(\"reloadIFrame();\", 20000);\nfunction reloadIFrame() {\n var frameHolder=document.getElementById('osvezi');\nframeHolder.src=\"https:\/\/kamere.lobi-info.rs\/hak\/228.html\"\n}\n<\/script><\/p>\n<h2><strong>Fizet\u0151 p\u00e1lya &#8211; Karamati\u0107i aut\u00f3p\u00e1lya A1 (E65), \u00fat Zagreb &#8211; Split &#8211; Dubrovnik<\/strong><\/h2>\n<p><em>A kamera 10-15 m\u00e1sodpercig friss\u00fcl. Ha nem t\u00f6lt\u0151dnek be azonnal, friss\u00edtsd az oldalt. <\/em><\/p>\n","protected":false},"excerpt":{"rendered":"<p>Fizet\u0151 p\u00e1lya &#8211; Karamati\u0107i aut\u00f3p\u00e1lya A1 (E65), \u00fat Zagreb &#8211; Split &#8211; Dubrovnik A kamera 10-15 m\u00e1sodpercig friss\u00fcl. Ha nem<\/p>\n","protected":false},"featured_media":19175,"comment_status":"closed","ping_status":"closed","template":"","meta":[],"product_brand":[],"product_cat":[511],"product_tag":[],"class_list":{"0":"post-19184","1":"product","2":"type-product","3":"status-publish","4":"has-post-thumbnail","6":"product_cat-fizetofulkek","8":"first","9":"instock","10":"shipping-taxable","11":"product-type-simple"},"_links":{"self":[{"href":"https:\/\/uzivokamere.com\/hu\/wp-json\/wp\/v2\/product\/19184","targetHints":{"allow":["GET"]}}],"collection":[{"href":"https:\/\/uzivokamere.com\/hu\/wp-json\/wp\/v2\/product"}],"about":[{"href":"https:\/\/uzivokamere.com\/hu\/wp-json\/wp\/v2\/types\/product"}],"replies":[{"embeddable":true,"href":"https:\/\/uzivokamere.com\/hu\/wp-json\/wp\/v2\/comments?post=19184"}],"wp:featuredmedia":[{"embeddable":true,"href":"https:\/\/uzivokamere.com\/hu\/wp-json\/wp\/v2\/media\/19175"}],"wp:attachment":[{"href":"https:\/\/uzivokamere.com\/hu\/wp-json\/wp\/v2\/media?parent=19184"}],"wp:term":[{"taxonomy":"product_brand","embeddable":true,"href":"https:\/\/uzivokamere.com\/hu\/wp-json\/wp\/v2\/product_brand?post=19184"},{"taxonomy":"product_cat","embeddable":true,"href":"https:\/\/uzivokamere.com\/hu\/wp-json\/wp\/v2\/product_cat?post=19184"},{"taxonomy":"product_tag","embeddable":true,"href":"https:\/\/uzivokamere.com\/hu\/wp-json\/wp\/v2\/product_tag?post=19184"}],"curies":[{"name":"wp","href":"https:\/\/api.w.org\/{rel}","templated":true}]}}