{"id":19337,"date":"2021-08-16T14:03:39","date_gmt":"2021-08-16T13:03:39","guid":{"rendered":"https:\/\/uzivokamere.com\/fizetokapu-trakoscan\/"},"modified":"2021-08-16T14:03:39","modified_gmt":"2021-08-16T13:03:39","slug":"fizetokapu-trakoscan","status":"publish","type":"product","link":"https:\/\/uzivokamere.com\/hu\/fizetokapu-trakoscan\/","title":{"rendered":"Fizet\u0151kapu &#8211; Trako\u0161\u010dan"},"content":{"rendered":"<div class=\"live-indicator-holder\"><span class=\"indicator\"><div class=\"circle blink\" aria-hidden=\"true\"><\/div>Live<\/span><\/div><iframe id=\"osvezi\" src=\"https:\/\/kamere.lobi-info.rs\/hak\/192.html\" scrolling=\"no\" frameborder=\"0\" style=\"height: 576px; overflow:scroll; width: 100%\"><\/iframe><br \/>\n<script>\nwindow.setInterval(\"reloadIFrame();\", 20000);\nfunction reloadIFrame() {\n var frameHolder=document.getElementById('osvezi');\nframeHolder.src=\"https:\/\/kamere.lobi-info.rs\/hak\/192.html\"\n}\n<\/script><\/p>\n<h2><strong>Fizet\u0151kapu &#8211; Trako\u0161\u010dan aut\u00f3p\u00e1lya A2 (E59), \u00fat Macelj fel\u00e9<\/strong><\/h2>\n<p><em>A f\u00e9nyk\u00e9pez\u0151g\u00e9p 10-15 m\u00e1sodpercenk\u00e9nt friss\u00fcl. Ha nem t\u00f6lt\u0151dnek be azonnal, friss\u00edtse az oldalt. <\/em><\/p>\n","protected":false},"excerpt":{"rendered":"<p>Fizet\u0151kapu &#8211; Trako\u0161\u010dan aut\u00f3p\u00e1lya A2 (E59), \u00fat Macelj fel\u00e9 A f\u00e9nyk\u00e9pez\u0151g\u00e9p 10-15 m\u00e1sodpercenk\u00e9nt friss\u00fcl. Ha nem t\u00f6lt\u0151dnek be azonnal, friss\u00edtse<\/p>\n","protected":false},"featured_media":19339,"comment_status":"closed","ping_status":"closed","template":"","meta":[],"product_brand":[],"product_cat":[511],"product_tag":[],"class_list":{"0":"post-19337","1":"product","2":"type-product","3":"status-publish","4":"has-post-thumbnail","6":"product_cat-fizetofulkek","8":"first","9":"instock","10":"shipping-taxable","11":"product-type-simple"},"_links":{"self":[{"href":"https:\/\/uzivokamere.com\/hu\/wp-json\/wp\/v2\/product\/19337","targetHints":{"allow":["GET"]}}],"collection":[{"href":"https:\/\/uzivokamere.com\/hu\/wp-json\/wp\/v2\/product"}],"about":[{"href":"https:\/\/uzivokamere.com\/hu\/wp-json\/wp\/v2\/types\/product"}],"replies":[{"embeddable":true,"href":"https:\/\/uzivokamere.com\/hu\/wp-json\/wp\/v2\/comments?post=19337"}],"wp:featuredmedia":[{"embeddable":true,"href":"https:\/\/uzivokamere.com\/hu\/wp-json\/wp\/v2\/media\/19339"}],"wp:attachment":[{"href":"https:\/\/uzivokamere.com\/hu\/wp-json\/wp\/v2\/media?parent=19337"}],"wp:term":[{"taxonomy":"product_brand","embeddable":true,"href":"https:\/\/uzivokamere.com\/hu\/wp-json\/wp\/v2\/product_brand?post=19337"},{"taxonomy":"product_cat","embeddable":true,"href":"https:\/\/uzivokamere.com\/hu\/wp-json\/wp\/v2\/product_cat?post=19337"},{"taxonomy":"product_tag","embeddable":true,"href":"https:\/\/uzivokamere.com\/hu\/wp-json\/wp\/v2\/product_tag?post=19337"}],"curies":[{"name":"wp","href":"https:\/\/api.w.org\/{rel}","templated":true}]}}