{"id":19382,"date":"2021-12-22T10:59:00","date_gmt":"2021-12-22T09:59:00","guid":{"rendered":"https:\/\/uzivokamere.com\/hataratkelo-sid-szerbia-horvatorszag\/"},"modified":"2021-12-22T10:59:00","modified_gmt":"2021-12-22T09:59:00","slug":"hataratkelo-sid-szerbia-horvatorszag","status":"publish","type":"product","link":"https:\/\/uzivokamere.com\/hu\/hataratkelo-sid-szerbia-horvatorszag\/","title":{"rendered":"Hat\u00e1r\u00e1tkel\u0151 \u0160id \/ Szerbia &#8211; Horv\u00e1torsz\u00e1g"},"content":{"rendered":"<div class=\"live-indicator-holder\"><span class=\"indicator\"><div class=\"circle blink\" aria-hidden=\"true\"><\/div>Live<\/span><\/div><iframe style=\"height: 580px; overflow: scroll; width: 100%;\" title=\"Hat\u00e1r\u00e1tkel\u0151 \u0160id \/ Szerbia - Horv\u00e1torsz\u00e1g\" src=\"https:\/\/live.uzivokamere.com\/sid1\/\"><\/iframe><\/p>\n","protected":false},"excerpt":{"rendered":"Live","protected":false},"featured_media":19383,"comment_status":"closed","ping_status":"closed","template":"","meta":[],"product_brand":[],"product_cat":[521],"product_tag":[523,541],"class_list":{"0":"post-19382","1":"product","2":"type-product","3":"status-publish","4":"has-post-thumbnail","6":"product_cat-hataratlepesek","7":"product_tag-horvatorszag","8":"product_tag-szerbia","10":"first","11":"instock","12":"shipping-taxable","13":"purchasable","14":"product-type-simple"},"_links":{"self":[{"href":"https:\/\/uzivokamere.com\/hu\/wp-json\/wp\/v2\/product\/19382","targetHints":{"allow":["GET"]}}],"collection":[{"href":"https:\/\/uzivokamere.com\/hu\/wp-json\/wp\/v2\/product"}],"about":[{"href":"https:\/\/uzivokamere.com\/hu\/wp-json\/wp\/v2\/types\/product"}],"replies":[{"embeddable":true,"href":"https:\/\/uzivokamere.com\/hu\/wp-json\/wp\/v2\/comments?post=19382"}],"wp:featuredmedia":[{"embeddable":true,"href":"https:\/\/uzivokamere.com\/hu\/wp-json\/wp\/v2\/media\/19383"}],"wp:attachment":[{"href":"https:\/\/uzivokamere.com\/hu\/wp-json\/wp\/v2\/media?parent=19382"}],"wp:term":[{"taxonomy":"product_brand","embeddable":true,"href":"https:\/\/uzivokamere.com\/hu\/wp-json\/wp\/v2\/product_brand?post=19382"},{"taxonomy":"product_cat","embeddable":true,"href":"https:\/\/uzivokamere.com\/hu\/wp-json\/wp\/v2\/product_cat?post=19382"},{"taxonomy":"product_tag","embeddable":true,"href":"https:\/\/uzivokamere.com\/hu\/wp-json\/wp\/v2\/product_tag?post=19382"}],"curies":[{"name":"wp","href":"https:\/\/api.w.org\/{rel}","templated":true}]}}