{"id":19427,"date":"2022-03-14T10:58:00","date_gmt":"2022-03-14T09:58:00","guid":{"rendered":"https:\/\/uzivokamere.com\/hataratkelo-djala-magyarorszag-szerbia\/"},"modified":"2022-03-14T10:58:00","modified_gmt":"2022-03-14T09:58:00","slug":"hataratkelo-djala-magyarorszag-szerbia","status":"publish","type":"product","link":"https:\/\/uzivokamere.com\/hu\/hataratkelo-djala-magyarorszag-szerbia\/","title":{"rendered":"Hat\u00e1r\u00e1tkel\u0151 Djala \/ Magyarorsz\u00e1g &#8211; Szerbia"},"content":{"rendered":"<div class=\"live-indicator-holder\"><span class=\"indicator\"><div class=\"circle blink\" aria-hidden=\"true\"><\/div>Live<\/span><\/div><iframe title=\"Hat\u00e1r\u00e1tkel\u0151 \u0110ala \/ Szerbia \u2013 Magyarorsz\u00e1g\" src=\"https:\/\/live.uzivokamere.com\/djala2\/\" class=\"res-iframe\"><\/iframe><\/p>\n","protected":false},"excerpt":{"rendered":"Live","protected":false},"featured_media":19429,"comment_status":"closed","ping_status":"closed","template":"","meta":[],"product_brand":[],"product_cat":[521],"product_tag":[589,541],"class_list":{"0":"post-19427","1":"product","2":"type-product","3":"status-publish","4":"has-post-thumbnail","6":"product_cat-hataratlepesek","7":"product_tag-magyarorszag","8":"product_tag-szerbia","10":"first","11":"instock","12":"shipping-taxable","13":"purchasable","14":"product-type-simple"},"_links":{"self":[{"href":"https:\/\/uzivokamere.com\/hu\/wp-json\/wp\/v2\/product\/19427","targetHints":{"allow":["GET"]}}],"collection":[{"href":"https:\/\/uzivokamere.com\/hu\/wp-json\/wp\/v2\/product"}],"about":[{"href":"https:\/\/uzivokamere.com\/hu\/wp-json\/wp\/v2\/types\/product"}],"replies":[{"embeddable":true,"href":"https:\/\/uzivokamere.com\/hu\/wp-json\/wp\/v2\/comments?post=19427"}],"wp:featuredmedia":[{"embeddable":true,"href":"https:\/\/uzivokamere.com\/hu\/wp-json\/wp\/v2\/media\/19429"}],"wp:attachment":[{"href":"https:\/\/uzivokamere.com\/hu\/wp-json\/wp\/v2\/media?parent=19427"}],"wp:term":[{"taxonomy":"product_brand","embeddable":true,"href":"https:\/\/uzivokamere.com\/hu\/wp-json\/wp\/v2\/product_brand?post=19427"},{"taxonomy":"product_cat","embeddable":true,"href":"https:\/\/uzivokamere.com\/hu\/wp-json\/wp\/v2\/product_cat?post=19427"},{"taxonomy":"product_tag","embeddable":true,"href":"https:\/\/uzivokamere.com\/hu\/wp-json\/wp\/v2\/product_tag?post=19427"}],"curies":[{"name":"wp","href":"https:\/\/api.w.org\/{rel}","templated":true}]}}