{"id":19516,"date":"2024-11-19T17:17:00","date_gmt":"2024-11-19T16:17:00","guid":{"rendered":"https:\/\/uzivokamere.com\/hataratkelo-jabuka-bejarat-szerbia-montenegro\/"},"modified":"2024-11-19T17:17:00","modified_gmt":"2024-11-19T16:17:00","slug":"hataratkelo-jabuka-bejarat-szerbia-montenegro","status":"publish","type":"product","link":"https:\/\/uzivokamere.com\/hu\/hataratkelo-jabuka-bejarat-szerbia-montenegro\/","title":{"rendered":"Hat\u00e1r\u00e1tkel\u0151 Jabuka bej\u00e1rat \/ Szerbia \u2013 Montenegr\u00f3"},"content":{"rendered":"<div class=\"live-indicator-holder\"><span class=\"indicator\"><div class=\"circle blink\" aria-hidden=\"true\"><\/div>Live<\/span><\/div><iframe src=\"https:\/\/live.uzivokamere.com\/jabuka2\/\" class=\"res-iframe\"><\/iframe><\/p>\n","protected":false},"excerpt":{"rendered":"Live","protected":false},"featured_media":19509,"comment_status":"open","ping_status":"closed","template":"","meta":[],"product_brand":[],"product_cat":[521],"product_tag":[551,541],"class_list":{"0":"post-19516","1":"product","2":"type-product","3":"status-publish","4":"has-post-thumbnail","6":"product_cat-hataratlepesek","7":"product_tag-montenegro-hu","8":"product_tag-szerbia","10":"first","11":"instock","12":"shipping-taxable","13":"purchasable","14":"product-type-simple"},"_links":{"self":[{"href":"https:\/\/uzivokamere.com\/hu\/wp-json\/wp\/v2\/product\/19516","targetHints":{"allow":["GET"]}}],"collection":[{"href":"https:\/\/uzivokamere.com\/hu\/wp-json\/wp\/v2\/product"}],"about":[{"href":"https:\/\/uzivokamere.com\/hu\/wp-json\/wp\/v2\/types\/product"}],"replies":[{"embeddable":true,"href":"https:\/\/uzivokamere.com\/hu\/wp-json\/wp\/v2\/comments?post=19516"}],"wp:featuredmedia":[{"embeddable":true,"href":"https:\/\/uzivokamere.com\/hu\/wp-json\/wp\/v2\/media\/19509"}],"wp:attachment":[{"href":"https:\/\/uzivokamere.com\/hu\/wp-json\/wp\/v2\/media?parent=19516"}],"wp:term":[{"taxonomy":"product_brand","embeddable":true,"href":"https:\/\/uzivokamere.com\/hu\/wp-json\/wp\/v2\/product_brand?post=19516"},{"taxonomy":"product_cat","embeddable":true,"href":"https:\/\/uzivokamere.com\/hu\/wp-json\/wp\/v2\/product_cat?post=19516"},{"taxonomy":"product_tag","embeddable":true,"href":"https:\/\/uzivokamere.com\/hu\/wp-json\/wp\/v2\/product_tag?post=19516"}],"curies":[{"name":"wp","href":"https:\/\/api.w.org\/{rel}","templated":true}]}}