{"id":19526,"date":"2024-11-25T15:54:00","date_gmt":"2024-11-25T14:54:00","guid":{"rendered":"https:\/\/uzivokamere.com\/utdijfizeto-fulke-kelet-zagrab-2\/"},"modified":"2024-11-25T15:54:00","modified_gmt":"2024-11-25T14:54:00","slug":"utdijfizeto-fulke-kelet-zagrab-2","status":"publish","type":"product","link":"https:\/\/uzivokamere.com\/hu\/utdijfizeto-fulke-kelet-zagrab-2\/","title":{"rendered":"\u00datd\u00edjfizet\u0151 f\u00fclke &#8211; Kelet-Z\u00e1gr\u00e1b"},"content":{"rendered":"<div class=\"live-indicator-holder\"><span class=\"indicator\"><div class=\"circle blink\" aria-hidden=\"true\"><\/div>Live<\/span><\/div><iframe id=\"osvezi\" src=\"https:\/\/kamere.lobi-info.rs\/hak\/439.html\" scrolling=\"no\" frameborder=\"0\" style=\"height: 576px; overflow:scroll; width: 100%\"><\/iframe><br \/>\n<script>\nwindow.setInterval(\"reloadIFrame();\", 20000);\nfunction reloadIFrame() {\n var frameHolder=document.getElementById('osvezi');\nframeHolder.src=\"https:\/\/kamere.lobi-info.rs\/hak\/439.html\"\n}\n<\/script><\/p>\n<h2><strong>\u00datd\u00edjfizet\u0151 f\u00fclke &#8211; Kelet-Z\u00e1gr\u00e1b<\/strong><\/h2>\n<p><em>A f\u00e9nyk\u00e9pez\u0151g\u00e9p 10-15 m\u00e1sodpercenk\u00e9nt friss\u00fcl. Ha nem t\u00f6lt\u0151dnek be azonnal, friss\u00edtse az oldalt. <\/em><\/p>\n","protected":false},"excerpt":{"rendered":"<p>\u00datd\u00edjfizet\u0151 f\u00fclke &#8211; Kelet-Z\u00e1gr\u00e1b A f\u00e9nyk\u00e9pez\u0151g\u00e9p 10-15 m\u00e1sodpercenk\u00e9nt friss\u00fcl. Ha nem t\u00f6lt\u0151dnek be azonnal, friss\u00edtse az oldalt.<\/p>\n","protected":false},"featured_media":19217,"comment_status":"closed","ping_status":"closed","template":"","meta":[],"product_brand":[],"product_cat":[511],"product_tag":[523],"class_list":{"0":"post-19526","1":"product","2":"type-product","3":"status-publish","4":"has-post-thumbnail","6":"product_cat-fizetofulkek","7":"product_tag-horvatorszag","9":"first","10":"instock","11":"shipping-taxable","12":"purchasable","13":"product-type-simple"},"_links":{"self":[{"href":"https:\/\/uzivokamere.com\/hu\/wp-json\/wp\/v2\/product\/19526","targetHints":{"allow":["GET"]}}],"collection":[{"href":"https:\/\/uzivokamere.com\/hu\/wp-json\/wp\/v2\/product"}],"about":[{"href":"https:\/\/uzivokamere.com\/hu\/wp-json\/wp\/v2\/types\/product"}],"replies":[{"embeddable":true,"href":"https:\/\/uzivokamere.com\/hu\/wp-json\/wp\/v2\/comments?post=19526"}],"wp:featuredmedia":[{"embeddable":true,"href":"https:\/\/uzivokamere.com\/hu\/wp-json\/wp\/v2\/media\/19217"}],"wp:attachment":[{"href":"https:\/\/uzivokamere.com\/hu\/wp-json\/wp\/v2\/media?parent=19526"}],"wp:term":[{"taxonomy":"product_brand","embeddable":true,"href":"https:\/\/uzivokamere.com\/hu\/wp-json\/wp\/v2\/product_brand?post=19526"},{"taxonomy":"product_cat","embeddable":true,"href":"https:\/\/uzivokamere.com\/hu\/wp-json\/wp\/v2\/product_cat?post=19526"},{"taxonomy":"product_tag","embeddable":true,"href":"https:\/\/uzivokamere.com\/hu\/wp-json\/wp\/v2\/product_tag?post=19526"}],"curies":[{"name":"wp","href":"https:\/\/api.w.org\/{rel}","templated":true}]}}