{"id":19579,"date":"2023-04-07T09:46:09","date_gmt":"2023-04-07T08:46:09","guid":{"rendered":"https:\/\/uzivokamere.com\/utdijfizeto-fulke-gevgelija-eszak-macedonia-2\/"},"modified":"2023-04-07T09:46:09","modified_gmt":"2023-04-07T08:46:09","slug":"utdijfizeto-fulke-gevgelija-eszak-macedonia-2","status":"publish","type":"product","link":"https:\/\/uzivokamere.com\/hu\/utdijfizeto-fulke-gevgelija-eszak-macedonia-2\/","title":{"rendered":"\u00datd\u00edjfizet\u0151 f\u00fclke &#8211; Gevgelija \/ \u00c9szak-Maced\u00f3nia"},"content":{"rendered":"<div class=\"live-indicator-holder\"><span class=\"indicator\"><div class=\"circle blink\" aria-hidden=\"true\"><\/div>Live<\/span><\/div><iframe style=\"height: 580px; overflow: scroll; width: 100%;\" src=\"https:\/\/live.uzivokamere.com\/gevgelija_1\/\"><\/iframe><\/p>\n<h2><strong>Fizet\u0151kapu &#8211; Gevgelija, A1-es aut\u00f3p\u00e1lya (E75) Kumanovo &#8211; Szkopje &#8211; Gevgelija<\/strong><\/h2>\n","protected":false},"excerpt":{"rendered":"<p>Fizet\u0151kapu &#8211; Gevgelija, A1-es aut\u00f3p\u00e1lya (E75) Kumanovo &#8211; Szkopje &#8211; Gevgelija<\/p>\n","protected":false},"featured_media":20835,"comment_status":"closed","ping_status":"closed","template":"","meta":[],"product_brand":[],"product_cat":[511],"product_tag":[],"class_list":{"0":"post-19579","1":"product","2":"type-product","3":"status-publish","4":"has-post-thumbnail","6":"product_cat-fizetofulkek","8":"first","9":"instock","10":"shipping-taxable","11":"product-type-simple"},"_links":{"self":[{"href":"https:\/\/uzivokamere.com\/hu\/wp-json\/wp\/v2\/product\/19579","targetHints":{"allow":["GET"]}}],"collection":[{"href":"https:\/\/uzivokamere.com\/hu\/wp-json\/wp\/v2\/product"}],"about":[{"href":"https:\/\/uzivokamere.com\/hu\/wp-json\/wp\/v2\/types\/product"}],"replies":[{"embeddable":true,"href":"https:\/\/uzivokamere.com\/hu\/wp-json\/wp\/v2\/comments?post=19579"}],"wp:featuredmedia":[{"embeddable":true,"href":"https:\/\/uzivokamere.com\/hu\/wp-json\/wp\/v2\/media\/20835"}],"wp:attachment":[{"href":"https:\/\/uzivokamere.com\/hu\/wp-json\/wp\/v2\/media?parent=19579"}],"wp:term":[{"taxonomy":"product_brand","embeddable":true,"href":"https:\/\/uzivokamere.com\/hu\/wp-json\/wp\/v2\/product_brand?post=19579"},{"taxonomy":"product_cat","embeddable":true,"href":"https:\/\/uzivokamere.com\/hu\/wp-json\/wp\/v2\/product_cat?post=19579"},{"taxonomy":"product_tag","embeddable":true,"href":"https:\/\/uzivokamere.com\/hu\/wp-json\/wp\/v2\/product_tag?post=19579"}],"curies":[{"name":"wp","href":"https:\/\/api.w.org\/{rel}","templated":true}]}}