{"id":19600,"date":"2024-11-19T15:50:00","date_gmt":"2024-11-19T14:50:00","guid":{"rendered":"https:\/\/uzivokamere.com\/presevo-2-es-bejarat-hataratkelo-szerbia-eszak-macedonia\/"},"modified":"2024-11-19T15:50:00","modified_gmt":"2024-11-19T14:50:00","slug":"presevo-2-es-bejarat-hataratkelo-szerbia-eszak-macedonia","status":"publish","type":"product","link":"https:\/\/uzivokamere.com\/hu\/presevo-2-es-bejarat-hataratkelo-szerbia-eszak-macedonia\/","title":{"rendered":"Presevo 2-es bej\u00e1rat hat\u00e1r\u00e1tkel\u0151 \/ Szerbia \u2013 \u00c9szak-Maced\u00f3nia"},"content":{"rendered":"<div class=\"live-indicator-holder\"><span class=\"indicator\"><div class=\"circle blink\" aria-hidden=\"true\"><\/div>Live<\/span><\/div><iframe title=\"Presevo hat\u00e1r\u00e1tkel\u0151hely, kij\u00e1rat Szerbi\u00e1b\u00f3l\" src=\"https:\/\/live.uzivokamere.com\/amss_presevo1\/\" style=\"border-radius: 20px; height: 438px; overflow:scroll; width: 100%\"><\/iframe><\/p>\n","protected":false},"excerpt":{"rendered":"Live","protected":false},"featured_media":19602,"comment_status":"open","ping_status":"closed","template":"","meta":[],"product_brand":[],"product_cat":[521],"product_tag":[599,541],"class_list":{"0":"post-19600","1":"product","2":"type-product","3":"status-publish","4":"has-post-thumbnail","6":"product_cat-hataratlepesek","7":"product_tag-eszak-macedonia","8":"product_tag-szerbia","10":"first","11":"instock","12":"shipping-taxable","13":"purchasable","14":"product-type-simple"},"_links":{"self":[{"href":"https:\/\/uzivokamere.com\/hu\/wp-json\/wp\/v2\/product\/19600","targetHints":{"allow":["GET"]}}],"collection":[{"href":"https:\/\/uzivokamere.com\/hu\/wp-json\/wp\/v2\/product"}],"about":[{"href":"https:\/\/uzivokamere.com\/hu\/wp-json\/wp\/v2\/types\/product"}],"replies":[{"embeddable":true,"href":"https:\/\/uzivokamere.com\/hu\/wp-json\/wp\/v2\/comments?post=19600"}],"wp:featuredmedia":[{"embeddable":true,"href":"https:\/\/uzivokamere.com\/hu\/wp-json\/wp\/v2\/media\/19602"}],"wp:attachment":[{"href":"https:\/\/uzivokamere.com\/hu\/wp-json\/wp\/v2\/media?parent=19600"}],"wp:term":[{"taxonomy":"product_brand","embeddable":true,"href":"https:\/\/uzivokamere.com\/hu\/wp-json\/wp\/v2\/product_brand?post=19600"},{"taxonomy":"product_cat","embeddable":true,"href":"https:\/\/uzivokamere.com\/hu\/wp-json\/wp\/v2\/product_cat?post=19600"},{"taxonomy":"product_tag","embeddable":true,"href":"https:\/\/uzivokamere.com\/hu\/wp-json\/wp\/v2\/product_tag?post=19600"}],"curies":[{"name":"wp","href":"https:\/\/api.w.org\/{rel}","templated":true}]}}