{"id":19647,"date":"2024-12-04T10:31:00","date_gmt":"2024-12-04T09:31:00","guid":{"rendered":"https:\/\/uzivokamere.com\/hataratkelo-pasjak-kamera-horvatorszag-szlovenia-2\/"},"modified":"2024-12-04T10:31:00","modified_gmt":"2024-12-04T09:31:00","slug":"hataratkelo-pasjak-kamera-horvatorszag-szlovenia-2","status":"publish","type":"product","link":"https:\/\/uzivokamere.com\/hu\/hataratkelo-pasjak-kamera-horvatorszag-szlovenia-2\/","title":{"rendered":"Hat\u00e1r\u00e1tkel\u0151 Pasjak kamera \/ Horv\u00e1torsz\u00e1g &#8211; Szlov\u00e9nia"},"content":{"rendered":"<div class=\"live-indicator-holder\"><span class=\"indicator\"><div class=\"circle blink\" aria-hidden=\"true\"><\/div>Live<\/span><\/div><iframe id=\"osvezi\" src=\"https:\/\/kamere.lobi-info.rs\/hak\/40.html\" scrolling=\"no\" frameborder=\"0\" style=\"height: 576px; overflow:scroll; width: 100%\"><\/iframe><br \/>\n<script>\nwindow.setInterval(\"reloadIFrame();\", 20000);\nfunction reloadIFrame() {\n var frameHolder=document.getElementById('osvezi');\nframeHolder.src=\"https:\/\/kamere.lobi-info.rs\/hak\/40.html\"\n}\n<\/script><br \/>\n<em>A f\u00e9nyk\u00e9pez\u0151g\u00e9p 10-15 m\u00e1sodpercenk\u00e9nt friss\u00fcl. Ha nem t\u00f6lt\u0151dnek be azonnal, friss\u00edtse az oldalt. <\/em><\/p>\n","protected":false},"excerpt":{"rendered":"<p>A f\u00e9nyk\u00e9pez\u0151g\u00e9p 10-15 m\u00e1sodpercenk\u00e9nt friss\u00fcl. Ha nem t\u00f6lt\u0151dnek be azonnal, friss\u00edtse az oldalt.<\/p>\n","protected":false},"featured_media":19377,"comment_status":"closed","ping_status":"closed","template":"","meta":[],"product_brand":[],"product_cat":[521],"product_tag":[523,568],"class_list":{"0":"post-19647","1":"product","2":"type-product","3":"status-publish","4":"has-post-thumbnail","6":"product_cat-hataratlepesek","7":"product_tag-horvatorszag","8":"product_tag-szlovenia","10":"first","11":"instock","12":"shipping-taxable","13":"purchasable","14":"product-type-simple"},"_links":{"self":[{"href":"https:\/\/uzivokamere.com\/hu\/wp-json\/wp\/v2\/product\/19647","targetHints":{"allow":["GET"]}}],"collection":[{"href":"https:\/\/uzivokamere.com\/hu\/wp-json\/wp\/v2\/product"}],"about":[{"href":"https:\/\/uzivokamere.com\/hu\/wp-json\/wp\/v2\/types\/product"}],"replies":[{"embeddable":true,"href":"https:\/\/uzivokamere.com\/hu\/wp-json\/wp\/v2\/comments?post=19647"}],"wp:featuredmedia":[{"embeddable":true,"href":"https:\/\/uzivokamere.com\/hu\/wp-json\/wp\/v2\/media\/19377"}],"wp:attachment":[{"href":"https:\/\/uzivokamere.com\/hu\/wp-json\/wp\/v2\/media?parent=19647"}],"wp:term":[{"taxonomy":"product_brand","embeddable":true,"href":"https:\/\/uzivokamere.com\/hu\/wp-json\/wp\/v2\/product_brand?post=19647"},{"taxonomy":"product_cat","embeddable":true,"href":"https:\/\/uzivokamere.com\/hu\/wp-json\/wp\/v2\/product_cat?post=19647"},{"taxonomy":"product_tag","embeddable":true,"href":"https:\/\/uzivokamere.com\/hu\/wp-json\/wp\/v2\/product_tag?post=19647"}],"curies":[{"name":"wp","href":"https:\/\/api.w.org\/{rel}","templated":true}]}}