{"id":19657,"date":"2024-12-04T11:23:00","date_gmt":"2024-12-04T10:23:00","guid":{"rendered":"https:\/\/uzivokamere.com\/hataratkelo-kamera-batrovci-szerbia-horvatorszag\/"},"modified":"2024-12-04T11:23:00","modified_gmt":"2024-12-04T10:23:00","slug":"hataratkelo-kamera-batrovci-szerbia-horvatorszag","status":"publish","type":"product","link":"https:\/\/uzivokamere.com\/hu\/hataratkelo-kamera-batrovci-szerbia-horvatorszag\/","title":{"rendered":"Hat\u00e1r\u00e1tkel\u0151 kamera Batrovci \/ Szerbia &#8211; Horv\u00e1torsz\u00e1g"},"content":{"rendered":"<div class=\"live-indicator-holder\"><span class=\"indicator\"><div class=\"circle blink\" aria-hidden=\"true\"><\/div>Live<\/span><\/div><iframe title=\"Hat\u00e1r\u00e1tkel\u0151 Batrovci \/ Szerbia - Horv\u00e1torsz\u00e1g\" src=\"https:\/\/live.uzivokamere.com\/batrovci1\/\" class=\"res-iframe\"><\/iframe><\/p>\n","protected":false},"excerpt":{"rendered":"Live","protected":false},"featured_media":19658,"comment_status":"closed","ping_status":"closed","template":"","meta":[],"product_brand":[],"product_cat":[521],"product_tag":[523,541],"class_list":{"0":"post-19657","1":"product","2":"type-product","3":"status-publish","4":"has-post-thumbnail","6":"product_cat-hataratlepesek","7":"product_tag-horvatorszag","8":"product_tag-szerbia","10":"first","11":"instock","12":"shipping-taxable","13":"purchasable","14":"product-type-simple"},"_links":{"self":[{"href":"https:\/\/uzivokamere.com\/hu\/wp-json\/wp\/v2\/product\/19657","targetHints":{"allow":["GET"]}}],"collection":[{"href":"https:\/\/uzivokamere.com\/hu\/wp-json\/wp\/v2\/product"}],"about":[{"href":"https:\/\/uzivokamere.com\/hu\/wp-json\/wp\/v2\/types\/product"}],"replies":[{"embeddable":true,"href":"https:\/\/uzivokamere.com\/hu\/wp-json\/wp\/v2\/comments?post=19657"}],"wp:featuredmedia":[{"embeddable":true,"href":"https:\/\/uzivokamere.com\/hu\/wp-json\/wp\/v2\/media\/19658"}],"wp:attachment":[{"href":"https:\/\/uzivokamere.com\/hu\/wp-json\/wp\/v2\/media?parent=19657"}],"wp:term":[{"taxonomy":"product_brand","embeddable":true,"href":"https:\/\/uzivokamere.com\/hu\/wp-json\/wp\/v2\/product_brand?post=19657"},{"taxonomy":"product_cat","embeddable":true,"href":"https:\/\/uzivokamere.com\/hu\/wp-json\/wp\/v2\/product_cat?post=19657"},{"taxonomy":"product_tag","embeddable":true,"href":"https:\/\/uzivokamere.com\/hu\/wp-json\/wp\/v2\/product_tag?post=19657"}],"curies":[{"name":"wp","href":"https:\/\/api.w.org\/{rel}","templated":true}]}}