{"id":19774,"date":"2025-05-07T12:07:00","date_gmt":"2025-05-07T11:07:00","guid":{"rendered":"https:\/\/uzivokamere.com\/uj-belgradi-korforgalom\/"},"modified":"2026-03-27T16:44:42","modified_gmt":"2026-03-27T15:44:42","slug":"uj-belgradi-korforgalom","status":"publish","type":"product","link":"https:\/\/uzivokamere.com\/hu\/uj-belgradi-korforgalom\/","title":{"rendered":"\u00daj belgr\u00e1di k\u00f6rforgalom"},"content":{"rendered":"<div class=\"live-indicator-holder\"><span class=\"indicator\"><div class=\"circle blink\" aria-hidden=\"true\"><\/div>Live<\/span><\/div><video id=\"video\" autoplay=\"autoplay\" controls=\"controls\" width=\"100%\" height=\"600\"><\/video><br \/>\n<script>\n    if (Hls.isSupported()) {\n      var video = document.getElementById('video');\n      var hls = new Hls();\n      \/\/ bind them together\n      hls.attachMedia(video);\n      hls.on(Hls.Events.MEDIA_ATTACHED, function () {\n        console.log(\"video and hls.js are now bound together !\");\n        hls.loadSource(\"https:\/\/streamer.devnet.rs\/hls\/opstinanbg.m3u8\");\n        hls.on(Hls.Events.MANIFEST_PARSED, function (event, data) {\n        });\n      });\n    }\n  <\/script><\/p>\n<h2>\u00c9l\u0151 kamera \u00daj-Belgr\u00e1d \u00f6nkorm\u00e1nyzata<\/h2>\n","protected":false},"excerpt":{"rendered":"<p>\u00c9l\u0151 kamera \u00daj-Belgr\u00e1d \u00f6nkorm\u00e1nyzata<\/p>\n","protected":false},"featured_media":19775,"comment_status":"open","ping_status":"closed","template":"","meta":[],"product_brand":[],"product_cat":[540],"product_tag":[542,541],"class_list":{"0":"post-19774","1":"product","2":"type-product","3":"status-publish","4":"has-post-thumbnail","6":"product_cat-varosok","7":"product_tag-kamerak-washington","8":"product_tag-szerbia","10":"first","11":"instock","12":"shipping-taxable","13":"product-type-simple"},"_links":{"self":[{"href":"https:\/\/uzivokamere.com\/hu\/wp-json\/wp\/v2\/product\/19774","targetHints":{"allow":["GET"]}}],"collection":[{"href":"https:\/\/uzivokamere.com\/hu\/wp-json\/wp\/v2\/product"}],"about":[{"href":"https:\/\/uzivokamere.com\/hu\/wp-json\/wp\/v2\/types\/product"}],"replies":[{"embeddable":true,"href":"https:\/\/uzivokamere.com\/hu\/wp-json\/wp\/v2\/comments?post=19774"}],"wp:featuredmedia":[{"embeddable":true,"href":"https:\/\/uzivokamere.com\/hu\/wp-json\/wp\/v2\/media\/19775"}],"wp:attachment":[{"href":"https:\/\/uzivokamere.com\/hu\/wp-json\/wp\/v2\/media?parent=19774"}],"wp:term":[{"taxonomy":"product_brand","embeddable":true,"href":"https:\/\/uzivokamere.com\/hu\/wp-json\/wp\/v2\/product_brand?post=19774"},{"taxonomy":"product_cat","embeddable":true,"href":"https:\/\/uzivokamere.com\/hu\/wp-json\/wp\/v2\/product_cat?post=19774"},{"taxonomy":"product_tag","embeddable":true,"href":"https:\/\/uzivokamere.com\/hu\/wp-json\/wp\/v2\/product_tag?post=19774"}],"curies":[{"name":"wp","href":"https:\/\/api.w.org\/{rel}","templated":true}]}}