{"id":19848,"date":"2025-05-26T13:37:00","date_gmt":"2025-05-26T12:37:00","guid":{"rendered":"https:\/\/uzivokamere.com\/kek-szokokut-szabadka\/"},"modified":"2025-05-26T13:37:00","modified_gmt":"2025-05-26T12:37:00","slug":"kek-szokokut-szabadka","status":"publish","type":"product","link":"https:\/\/uzivokamere.com\/hu\/kek-szokokut-szabadka\/","title":{"rendered":"K\u00e9k sz\u00f6k\u0151k\u00fat \u2013 Szabadka"},"content":{"rendered":"<div class=\"live-indicator-holder\"><span class=\"indicator\"><div class=\"circle blink\" aria-hidden=\"true\"><\/div>Live<\/span><\/div><video id=\"video\" autoplay=\"autoplay\" controls=\"controls\" width=\"100%\" height=\"600\"><\/video><br \/>\n<script>\n    if (Hls.isSupported()) {\n      var video = document.getElementById('video');\n      var hls = new Hls();\n      \/\/ bind them together\n      hls.attachMedia(video);\n      hls.on(Hls.Events.MEDIA_ATTACHED, function () {\n        console.log(\"video and hls.js are now bound together !\");\n        hls.loadSource(\"https:\/\/s58.ipcamlive.com\/streams\/3azmpfsle3am6qvph\/stream.m3u8\");\n        hls.on(Hls.Events.MANIFEST_PARSED, function (event, data) {\n        });\n      });\n    }\n  <\/script><\/p>\n<h2>K\u00e9k sz\u00f6k\u0151k\u00fat kamera<\/h2>\n","protected":false},"excerpt":{"rendered":"<p>K\u00e9k sz\u00f6k\u0151k\u00fat kamera<\/p>\n","protected":false},"featured_media":19849,"comment_status":"open","ping_status":"closed","template":"","meta":[],"product_brand":[],"product_cat":[540],"product_tag":[541],"class_list":{"0":"post-19848","1":"product","2":"type-product","3":"status-publish","4":"has-post-thumbnail","6":"product_cat-varosok","7":"product_tag-szerbia","9":"first","10":"instock","11":"shipping-taxable","12":"product-type-simple"},"_links":{"self":[{"href":"https:\/\/uzivokamere.com\/hu\/wp-json\/wp\/v2\/product\/19848","targetHints":{"allow":["GET"]}}],"collection":[{"href":"https:\/\/uzivokamere.com\/hu\/wp-json\/wp\/v2\/product"}],"about":[{"href":"https:\/\/uzivokamere.com\/hu\/wp-json\/wp\/v2\/types\/product"}],"replies":[{"embeddable":true,"href":"https:\/\/uzivokamere.com\/hu\/wp-json\/wp\/v2\/comments?post=19848"}],"wp:featuredmedia":[{"embeddable":true,"href":"https:\/\/uzivokamere.com\/hu\/wp-json\/wp\/v2\/media\/19849"}],"wp:attachment":[{"href":"https:\/\/uzivokamere.com\/hu\/wp-json\/wp\/v2\/media?parent=19848"}],"wp:term":[{"taxonomy":"product_brand","embeddable":true,"href":"https:\/\/uzivokamere.com\/hu\/wp-json\/wp\/v2\/product_brand?post=19848"},{"taxonomy":"product_cat","embeddable":true,"href":"https:\/\/uzivokamere.com\/hu\/wp-json\/wp\/v2\/product_cat?post=19848"},{"taxonomy":"product_tag","embeddable":true,"href":"https:\/\/uzivokamere.com\/hu\/wp-json\/wp\/v2\/product_tag?post=19848"}],"curies":[{"name":"wp","href":"https:\/\/api.w.org\/{rel}","templated":true}]}}