{"id":19993,"date":"2025-05-27T11:51:00","date_gmt":"2025-05-27T10:51:00","guid":{"rendered":"https:\/\/uzivokamere.com\/trebevic-sikozpont-bosznia-hercegovina\/"},"modified":"2025-05-27T11:51:00","modified_gmt":"2025-05-27T10:51:00","slug":"trebevic-sikozpont-bosznia-hercegovina","status":"publish","type":"product","link":"https:\/\/uzivokamere.com\/hu\/trebevic-sikozpont-bosznia-hercegovina\/","title":{"rendered":"Trebevi\u0107 s\u00edk\u00f6zpont &#8211; Bosznia-Hercegovina"},"content":{"rendered":"<div class=\"live-indicator-holder\"><span class=\"indicator\"><div class=\"circle blink\" aria-hidden=\"true\"><\/div>Live<\/span><\/div><iframe id=\"osvezi\" style=\"height: 576px; overflow: scroll; width: 100%;\" src=\"https:\/\/kamere.lobi-info.rs\/live\/jah9.html\" frameborder=\"0\" scrolling=\"no\"><\/iframe><br \/>\n<script>\nwindow.setInterval(\"reloadIFrame();\", 20000);\nfunction reloadIFrame() {\n var frameHolder=document.getElementById('osvezi');\nframeHolder.src=\"https:\/\/kamere.lobi-info.rs\/live\/jah9.html\"\n}\n<\/script><\/p>\n<h2>Kamer\u00e1k a Trebevi\u0107-t\u0151l<\/h2>\n","protected":false},"excerpt":{"rendered":"<p>Kamer\u00e1k a Trebevi\u0107-t\u0151l<\/p>\n","protected":false},"featured_media":19994,"comment_status":"open","ping_status":"closed","template":"","meta":[],"product_brand":[],"product_cat":[555],"product_tag":[522],"class_list":{"0":"post-19993","1":"product","2":"type-product","3":"status-publish","4":"has-post-thumbnail","6":"product_cat-sikozpontok","7":"product_tag-bosznia-hercegovina","9":"first","10":"instock","11":"shipping-taxable","12":"product-type-simple"},"_links":{"self":[{"href":"https:\/\/uzivokamere.com\/hu\/wp-json\/wp\/v2\/product\/19993","targetHints":{"allow":["GET"]}}],"collection":[{"href":"https:\/\/uzivokamere.com\/hu\/wp-json\/wp\/v2\/product"}],"about":[{"href":"https:\/\/uzivokamere.com\/hu\/wp-json\/wp\/v2\/types\/product"}],"replies":[{"embeddable":true,"href":"https:\/\/uzivokamere.com\/hu\/wp-json\/wp\/v2\/comments?post=19993"}],"wp:featuredmedia":[{"embeddable":true,"href":"https:\/\/uzivokamere.com\/hu\/wp-json\/wp\/v2\/media\/19994"}],"wp:attachment":[{"href":"https:\/\/uzivokamere.com\/hu\/wp-json\/wp\/v2\/media?parent=19993"}],"wp:term":[{"taxonomy":"product_brand","embeddable":true,"href":"https:\/\/uzivokamere.com\/hu\/wp-json\/wp\/v2\/product_brand?post=19993"},{"taxonomy":"product_cat","embeddable":true,"href":"https:\/\/uzivokamere.com\/hu\/wp-json\/wp\/v2\/product_cat?post=19993"},{"taxonomy":"product_tag","embeddable":true,"href":"https:\/\/uzivokamere.com\/hu\/wp-json\/wp\/v2\/product_tag?post=19993"}],"curies":[{"name":"wp","href":"https:\/\/api.w.org\/{rel}","templated":true}]}}