{"id":19736,"date":"2025-05-07T11:50:00","date_gmt":"2025-05-07T10:50:00","guid":{"rendered":"https:\/\/uzivokamere.com\/zrenjaninski-put-borca\/"},"modified":"2025-05-07T11:50:00","modified_gmt":"2025-05-07T10:50:00","slug":"zrenjaninski-put-borca","status":"publish","type":"product","link":"https:\/\/uzivokamere.com\/it\/zrenjaninski-put-borca\/","title":{"rendered":"Zrenjaninski put \u2013 Bor\u010da"},"content":{"rendered":"<div class=\"live-indicator-holder\"><span class=\"indicator\"><div class=\"circle blink\" aria-hidden=\"true\"><\/div>Live<\/span><\/div><br \/>\n<iframe title=\"La strada per la battaglia delle Ardenne\" src=\"https:\/\/live.uzivokamere.com\/borca\/\" class=\"res-iframe\"><\/iframe><\/p>\n<h2><strong>La strada per la battaglia delle Ardenne<\/strong><\/h2>\n<p><em>Fonte: <a href=\"https:\/\/www.lobi-info.rs\/\" target=\"_blank\" rel=\"noopener\">Informazioni sulla lobby<\/a><\/em><\/p>\n<p><script type=\"application\/ld+json\">\n    {\n      \"@context\": \"https:\/\/schema.org\",\n      \"@type\": \"VideoObject\",\n      \"name\": \"Zrenjaninski put u\u017eivo kamere\",\n      \"description\": \"Prikaz stanja u saobra\u0107aju na Zrenjaninskom putu u\u017eivo. Proverite da li je gu\u017eva i da li da odaberete neku drugu putanju.\",\n      \"thumbnailUrl\": \"http:\/\/uzivokamere.com\/wp-content\/uploads\/2021\/12\/zrenjaninac-1.jpg\",\n      \"uploadDate\": \"2021-11-07T09:00:00+01:00\",\n      \"publication\": [\n      {\n      \t\"@type\": \"BroadcastEvent\",\n      \t\"publishedOn\": {\n            \"@type\": \"BroadcastService\",\n            \"url\": \"https:\/\/rtsp.me\/embed\/zNzN9bSf\/\"\n                },\n      \t\"startDate\": \"2021-11-07T09:00:00+01:00\",\n        \"endDate\": \"2024-11-07T09:00:00+01:00\",\n        \"location\": { \n        \t\"@type\": \"City\",\n       \t\t\"name\": \"Belgrade\"\n   \t\t \t\t}\n                }\n        ],\n      \"contentUrl\": \"https:\/\/rtsp.me\/embed\/Z7QD3tR9\/\",\n      \"embedUrl\": \"https:\/\/uzivokamere.com\/gradovi\/zrenjaninski-put-beograd\/\"\n     }\n    <\/script><\/p>\n","protected":false},"excerpt":{"rendered":"<p>La strada per la battaglia delle Ardenne Fonte: Informazioni sulla lobby<\/p>\n","protected":false},"featured_media":19737,"comment_status":"open","ping_status":"closed","template":"","meta":[],"product_brand":[],"product_cat":[535],"product_tag":[536,537],"class_list":{"0":"post-19736","1":"product","2":"type-product","3":"status-publish","4":"has-post-thumbnail","6":"product_cat-citta","7":"product_tag-serbia-it","8":"product_tag-telecamere-washington","10":"first","11":"instock","12":"shipping-taxable","13":"product-type-simple"},"_links":{"self":[{"href":"https:\/\/uzivokamere.com\/it\/wp-json\/wp\/v2\/product\/19736","targetHints":{"allow":["GET"]}}],"collection":[{"href":"https:\/\/uzivokamere.com\/it\/wp-json\/wp\/v2\/product"}],"about":[{"href":"https:\/\/uzivokamere.com\/it\/wp-json\/wp\/v2\/types\/product"}],"replies":[{"embeddable":true,"href":"https:\/\/uzivokamere.com\/it\/wp-json\/wp\/v2\/comments?post=19736"}],"wp:featuredmedia":[{"embeddable":true,"href":"https:\/\/uzivokamere.com\/it\/wp-json\/wp\/v2\/media\/19737"}],"wp:attachment":[{"href":"https:\/\/uzivokamere.com\/it\/wp-json\/wp\/v2\/media?parent=19736"}],"wp:term":[{"taxonomy":"product_brand","embeddable":true,"href":"https:\/\/uzivokamere.com\/it\/wp-json\/wp\/v2\/product_brand?post=19736"},{"taxonomy":"product_cat","embeddable":true,"href":"https:\/\/uzivokamere.com\/it\/wp-json\/wp\/v2\/product_cat?post=19736"},{"taxonomy":"product_tag","embeddable":true,"href":"https:\/\/uzivokamere.com\/it\/wp-json\/wp\/v2\/product_tag?post=19736"}],"curies":[{"name":"wp","href":"https:\/\/api.w.org\/{rel}","templated":true}]}}