{"id":18838,"date":"2025-05-07T11:50:00","date_gmt":"2025-05-07T10:50:00","guid":{"rendered":"https:\/\/uzivokamere.com\/%d0%b7%d1%80%d0%b5%d0%bd%d1%8f%d0%bd%d0%b8%d0%bd%d1%81%d0%ba%d0%b8-%d0%bf%d1%83%d1%82-%d0%b1%d0%be%d1%80%d1%87%d0%b0\/"},"modified":"2025-05-07T11:50:00","modified_gmt":"2025-05-07T10:50:00","slug":"%d0%b7%d1%80%d0%b5%d0%bd%d1%8f%d0%bd%d0%b8%d0%bd%d1%81%d0%ba%d0%b8-%d0%bf%d1%83%d1%82-%d0%b1%d0%be%d1%80%d1%87%d0%b0","status":"publish","type":"product","link":"https:\/\/uzivokamere.com\/ru\/%d0%b7%d1%80%d0%b5%d0%bd%d1%8f%d0%bd%d0%b8%d0%bd%d1%81%d0%ba%d0%b8-%d0%bf%d1%83%d1%82-%d0%b1%d0%be%d1%80%d1%87%d0%b0\/","title":{"rendered":"\u0417\u0440\u0435\u043d\u044f\u043d\u0438\u043d\u0441\u043a\u0438 \u043f\u0443\u0442 \u2013 \u0411\u043e\u0440\u0447\u0430"},"content":{"rendered":"<div class=\"live-indicator-holder\"><span class=\"indicator\"><div class=\"circle blink\" aria-hidden=\"true\"><\/div>Live<\/span><\/div><br \/>\n<iframe title=\"\u0414\u043e\u0440\u043e\u0433\u0430 \u043a \u0431\u0438\u0442\u0432\u0435 \u0432 \u0410\u0440\u0434\u0435\u043d\u043d\u0430\u0445\" src=\"https:\/\/live.uzivokamere.com\/borca\/\" class=\"res-iframe\"><\/iframe><\/p>\n<h2><strong>\u0414\u043e\u0440\u043e\u0433\u0430 \u043a \u0431\u0438\u0442\u0432\u0435 \u0432 \u0410\u0440\u0434\u0435\u043d\u043d\u0430\u0445<\/strong><\/h2>\n<p><em>\u0418\u0441\u0442\u043e\u0447\u043d\u0438\u043a: <a href=\"https:\/\/www.lobi-info.rs\/\" target=\"_blank\" rel=\"noopener\">\u0418\u043d\u0444\u043e\u0440\u043c\u0430\u0446\u0438\u044f \u043e \u043b\u043e\u0431\u0431\u0438<\/a><\/em><\/p>\n<p><script type=\"application\/ld+json\">\n    {\n      \"@context\": \"https:\/\/schema.org\",\n      \"@type\": \"VideoObject\",\n      \"name\": \"Zrenjaninski put u\u017eivo kamere\",\n      \"description\": \"Prikaz stanja u saobra\u0107aju na Zrenjaninskom putu u\u017eivo. Proverite da li je gu\u017eva i da li da odaberete neku drugu putanju.\",\n      \"thumbnailUrl\": \"http:\/\/uzivokamere.com\/wp-content\/uploads\/2021\/12\/zrenjaninac-1.jpg\",\n      \"uploadDate\": \"2021-11-07T09:00:00+01:00\",\n      \"publication\": [\n      {\n      \t\"@type\": \"BroadcastEvent\",\n      \t\"publishedOn\": {\n            \"@type\": \"BroadcastService\",\n            \"url\": \"https:\/\/rtsp.me\/embed\/zNzN9bSf\/\"\n                },\n      \t\"startDate\": \"2021-11-07T09:00:00+01:00\",\n        \"endDate\": \"2024-11-07T09:00:00+01:00\",\n        \"location\": { \n        \t\"@type\": \"City\",\n       \t\t\"name\": \"Belgrade\"\n   \t\t \t\t}\n                }\n        ],\n      \"contentUrl\": \"https:\/\/rtsp.me\/embed\/Z7QD3tR9\/\",\n      \"embedUrl\": \"https:\/\/uzivokamere.com\/gradovi\/zrenjaninski-put-beograd\/\"\n     }\n    <\/script><\/p>\n","protected":false},"excerpt":{"rendered":"<p>\u0414\u043e\u0440\u043e\u0433\u0430 \u043a \u0431\u0438\u0442\u0432\u0435 \u0432 \u0410\u0440\u0434\u0435\u043d\u043d\u0430\u0445 \u0418\u0441\u0442\u043e\u0447\u043d\u0438\u043a: \u0418\u043d\u0444\u043e\u0440\u043c\u0430\u0446\u0438\u044f \u043e \u043b\u043e\u0431\u0431\u0438<\/p>\n","protected":false},"featured_media":18755,"comment_status":"open","ping_status":"closed","template":"","meta":[],"product_brand":[],"product_cat":[467],"product_tag":[468,463],"class_list":{"0":"post-18838","1":"product","2":"type-product","3":"status-publish","4":"has-post-thumbnail","6":"product_cat-467","7":"product_tag-468","8":"product_tag-463","10":"first","11":"instock","12":"shipping-taxable","13":"product-type-simple"},"_links":{"self":[{"href":"https:\/\/uzivokamere.com\/ru\/wp-json\/wp\/v2\/product\/18838","targetHints":{"allow":["GET"]}}],"collection":[{"href":"https:\/\/uzivokamere.com\/ru\/wp-json\/wp\/v2\/product"}],"about":[{"href":"https:\/\/uzivokamere.com\/ru\/wp-json\/wp\/v2\/types\/product"}],"replies":[{"embeddable":true,"href":"https:\/\/uzivokamere.com\/ru\/wp-json\/wp\/v2\/comments?post=18838"}],"wp:featuredmedia":[{"embeddable":true,"href":"https:\/\/uzivokamere.com\/ru\/wp-json\/wp\/v2\/media\/18755"}],"wp:attachment":[{"href":"https:\/\/uzivokamere.com\/ru\/wp-json\/wp\/v2\/media?parent=18838"}],"wp:term":[{"taxonomy":"product_brand","embeddable":true,"href":"https:\/\/uzivokamere.com\/ru\/wp-json\/wp\/v2\/product_brand?post=18838"},{"taxonomy":"product_cat","embeddable":true,"href":"https:\/\/uzivokamere.com\/ru\/wp-json\/wp\/v2\/product_cat?post=18838"},{"taxonomy":"product_tag","embeddable":true,"href":"https:\/\/uzivokamere.com\/ru\/wp-json\/wp\/v2\/product_tag?post=18838"}],"curies":[{"name":"wp","href":"https:\/\/api.w.org\/{rel}","templated":true}]}}